{"id":448,"date":"2025-11-24T17:41:53","date_gmt":"2025-11-24T16:41:53","guid":{"rendered":"https:\/\/editmasters.pl\/?post_type=product&#038;p=448"},"modified":"2025-11-24T17:45:23","modified_gmt":"2025-11-24T16:45:23","slug":"szkolenia-grupowe-online","status":"publish","type":"product","link":"https:\/\/editmasters.pl\/index.php\/produkt\/szkolenia-grupowe-online\/","title":{"rendered":"SZKOLENIA GRUPOWE ONLINE"},"content":{"rendered":"<p>Interaktywne szkolenie na \u017cywo, z \u0107wiczeniami, analiz\u0105 przyk\u0142ad\u00f3w i sesj\u0105 Q&amp;A. Idealne rozwi\u0105zanie dla zespo\u0142\u00f3w marketingu dzia\u0142aj\u0105cych zdalnie. Cena: 1 200 z\u0142 netto \/ osoba Czas trwania: ok. 4 godziny Minimalna liczba uczestnik\u00f3w: 10 os\u00f3b (uczestnicy otrzymuj\u0105 materia\u0142y PDF, checklisty i dost\u0119p do nagrania szkolenia)<\/p>\n","protected":false},"excerpt":{"rendered":"<p>Interaktywne szkolenie na \u017cywo, z \u0107wiczeniami, analiz\u0105 przyk\u0142ad\u00f3w i sesj\u0105 Q&amp;A. Idealne rozwi\u0105zanie dla zespo\u0142\u00f3w marketingu dzia\u0142aj\u0105cych zdalnie. Cena: 1 200 z\u0142 netto \/ osoba Czas trwania: ok. 4 godziny Minimalna liczba uczestnik\u00f3w: 10 os\u00f3b (uczestnicy otrzymuj\u0105 materia\u0142y PDF, checklisty i dost\u0119p do nagrania szkolenia)<\/p>\n","protected":false},"featured_media":0,"comment_status":"closed","ping_status":"closed","template":"","meta":[],"product_brand":[],"product_cat":[22],"product_tag":[],"class_list":{"0":"post-448","1":"product","2":"type-product","3":"status-publish","5":"product_cat-szkolenia","7":"first","8":"instock","9":"virtual","10":"purchasable","11":"product-type-simple"},"_links":{"self":[{"href":"https:\/\/editmasters.pl\/index.php\/wp-json\/wp\/v2\/product\/448","targetHints":{"allow":["GET"]}}],"collection":[{"href":"https:\/\/editmasters.pl\/index.php\/wp-json\/wp\/v2\/product"}],"about":[{"href":"https:\/\/editmasters.pl\/index.php\/wp-json\/wp\/v2\/types\/product"}],"replies":[{"embeddable":true,"href":"https:\/\/editmasters.pl\/index.php\/wp-json\/wp\/v2\/comments?post=448"}],"wp:attachment":[{"href":"https:\/\/editmasters.pl\/index.php\/wp-json\/wp\/v2\/media?parent=448"}],"wp:term":[{"taxonomy":"product_brand","embeddable":true,"href":"https:\/\/editmasters.pl\/index.php\/wp-json\/wp\/v2\/product_brand?post=448"},{"taxonomy":"product_cat","embeddable":true,"href":"https:\/\/editmasters.pl\/index.php\/wp-json\/wp\/v2\/product_cat?post=448"},{"taxonomy":"product_tag","embeddable":true,"href":"https:\/\/editmasters.pl\/index.php\/wp-json\/wp\/v2\/product_tag?post=448"}],"curies":[{"name":"wp","href":"https:\/\/api.w.org\/{rel}","templated":true}]}}